{"id":139,"date":"2024-01-11T23:32:26","date_gmt":"2024-01-12T02:32:26","guid":{"rendered":"https:\/\/consultoriodagraca.com\/?page_id=139"},"modified":"2024-01-11T23:32:26","modified_gmt":"2024-01-12T02:32:26","slug":"psicologia","status":"publish","type":"page","link":"https:\/\/consultoriodagraca.com\/?page_id=139","title":{"rendered":"Psicologia"},"content":{"rendered":"<p>[et_pb_section fb_built=&#8221;1&#8243; admin_label=&#8221;Header&#8221; _builder_version=&#8221;4.16&#8243; use_background_color_gradient=&#8221;on&#8221; background_color_gradient_direction=&#8221;221deg&#8221; background_color_gradient_stops=&#8221;#ff8e8e 0%|rgba(255,112,0,0.2) 42%&#8221; background_color_gradient_start=&#8221;#ff8e8e&#8221; background_color_gradient_end=&#8221;rgba(255,112,0,0.2)&#8221; background_color_gradient_end_position=&#8221;42%&#8221; background_image=&#8221;https:\/\/consultoriodagraca.com\/wp-content\/uploads\/2024\/01\/vet-01-1.png&#8221; background_size=&#8221;initial&#8221; background_position=&#8221;bottom_center&#8221; background_last_edited=&#8221;on|phone&#8221; use_background_color_gradient_tablet=&#8221;on&#8221; use_background_color_gradient_phone=&#8221;on&#8221; background_color_gradient_direction_tablet=&#8221;180deg&#8221; background_color_gradient_stops_tablet=&#8221;#ff8e8e 0%|rgba(255,112,0,0) 100%&#8221; background_color_gradient_stops_phone=&#8221;#ff8e8e 36%|rgba(255,112,0,0) 100%&#8221; background_color_gradient_start_position_phone=&#8221;36%&#8221; background_color_gradient_end_tablet=&#8221;rgba(255,112,0,0)&#8221; background_color_gradient_end_phone=&#8221;rgba(255,112,0,0)&#8221; background_color_gradient_end_position_tablet=&#8221;100%&#8221; background_color_gradient_end_position_phone=&#8221;100%&#8221; background_image_tablet=&#8221;http:\/\/zaib.sandbox.etdevs.com\/divi\/wp-content\/uploads\/sites\/2\/2019\/05\/vet-03.png&#8221; background_size_tablet=&#8221;cover&#8221; background_position_tablet=&#8221;bottom_center&#8221; border_style_all_tablet=&#8221;&#8221; border_style_all_phone=&#8221;&#8221; border_style_all_last_edited=&#8221;on|tablet&#8221; global_colors_info=&#8221;{}&#8221;][et_pb_row column_structure=&#8221;1_2,1_2&#8243; _builder_version=&#8221;4.16&#8243; z_index=&#8221;10&#8243; custom_padding=&#8221;||0px|||&#8221; global_colors_info=&#8221;{}&#8221;][et_pb_column type=&#8221;1_2&#8243; _builder_version=&#8221;4.16&#8243; custom_padding=&#8221;60px||40px|&#8221; custom_padding_tablet=&#8221;0px|||&#8221; custom_padding_phone=&#8221;0px|||&#8221; custom_padding_last_edited=&#8221;on|tablet&#8221; global_colors_info=&#8221;{}&#8221; custom_padding__hover=&#8221;|||&#8221;][et_pb_text _builder_version=&#8221;4.16&#8243; text_font=&#8221;||||||||&#8221; text_font_size=&#8221;18px&#8221; text_line_height=&#8221;1.8em&#8221; header_font=&#8221;Nunito|700|||||||&#8221; header_font_size=&#8221;56px&#8221; header_line_height=&#8221;1.2em&#8221; text_font_size_tablet=&#8221;&#8221; text_font_size_phone=&#8221;14px&#8221; text_font_size_last_edited=&#8221;on|phone&#8221; header_font_size_tablet=&#8221;&#8221; header_font_size_phone=&#8221;32px&#8221; header_font_size_last_edited=&#8221;on|phone&#8221; global_colors_info=&#8221;{}&#8221;]<\/p>\n<h1>O que \u00e9 a Psicologia?<\/h1>\n<p>&nbsp;<\/p>\n<p><span>\u00c9 o estudo dos processos mentais e do comportamento humano, de acordo com a Associa\u00e7\u00e3o Americana de Psicologia (APA \u2013 <\/span><em>American Psychological Association<\/em><span>).\u00a0Assim sendo, a psicologia se refere\u00a0ao estudo da mente, de como ela funciona e de que maneira\u00a0ela afeta o comportamento humano.<\/span><\/p>\n<p><span>O estudo da psicologia abrange todos os aspectos da experi\u00eancia humana, desde as fun\u00e7\u00f5es do c\u00e9rebro \u00e0s atitudes das na\u00e7\u00f5es, desde o desenvolvimento infantil at\u00e9 o cuidado ao idoso. Nos mais diversos cen\u00e1rios, desde os centros de pesquisa cient\u00edfica at\u00e9 os servi\u00e7os de sa\u00fade mental, a \u201ccompreens\u00e3o do comportamento\u201d \u00e9 a tarefa dos psic\u00f3logos.\u00a0<\/span><\/p>\n<p>Os\u00a0pesquisadores da psicologia\u00a0t\u00eam como objectivo entender e explicar como funcionam os\u00a0pensamentos,\u00a0comportamentos\u00a0e as\u00a0emo\u00e7\u00f5es.<\/p>\n<p>Venha relaxar e acabar com as suas d\u00favidas e conflitos mentais,\u00a0 prejudiciais a sa\u00fade.<\/p>\n<p>&nbsp;<\/p>\n<p>[\/et_pb_text][\/et_pb_column][et_pb_column type=&#8221;1_2&#8243; _builder_version=&#8221;4.16&#8243; custom_padding=&#8221;|||&#8221; global_colors_info=&#8221;{}&#8221; custom_padding__hover=&#8221;|||&#8221;][et_pb_image src=&#8221;https:\/\/consultoriodagraca.com\/wp-content\/uploads\/2024\/01\/mental-health-and-psychologist-free-png.webp&#8221; title_text=&#8221;mental-health-and-psychologist-free-png&#8221; _builder_version=&#8221;4.23.4&#8243; transform_scale_tablet=&#8221;&#8221; transform_scale_phone=&#8221;&#8221; transform_scale_last_edited=&#8221;on|desktop&#8221; transform_translate=&#8221;0px|22px&#8221; transform_translate_tablet=&#8221;0px|0px&#8221; transform_translate_phone=&#8221;&#8221; transform_translate_last_edited=&#8221;on|phone&#8221; transform_translate_linked=&#8221;off&#8221; transform_rotate_tablet=&#8221;&#8221; transform_rotate_phone=&#8221;&#8221; transform_rotate_last_edited=&#8221;on|desktop&#8221; transform_skew_tablet=&#8221;&#8221; transform_skew_phone=&#8221;&#8221; transform_skew_last_edited=&#8221;on|desktop&#8221; transform_origin_tablet=&#8221;&#8221; transform_origin_phone=&#8221;&#8221; transform_origin_last_edited=&#8221;on|desktop&#8221; transform_styles_last_edited=&#8221;on|phone&#8221; width_last_edited=&#8221;off|desktop&#8221; max_width_tablet=&#8221;400px&#8221; max_width_phone=&#8221;&#8221; max_width_last_edited=&#8221;on|desktop&#8221; module_alignment=&#8221;left&#8221; custom_margin=&#8221;|||-10%&#8221; custom_margin_tablet=&#8221;|||0%&#8221; custom_margin_phone=&#8221;&#8221; custom_margin_last_edited=&#8221;on|desktop&#8221; transform_styles_tablet=&#8221;&#8221; transform_styles_phone=&#8221;&#8221; global_colors_info=&#8221;{}&#8221;][\/et_pb_image][et_pb_image src=&#8221;https:\/\/consultoriodagraca.com\/wp-content\/uploads\/2024\/01\/c434c2_b2133ec95dda4d04aa778ce1587056bemv2-1.webp&#8221; title_text=&#8221;c434c2_b2133ec95dda4d04aa778ce1587056be~mv2 (1)&#8221; _builder_version=&#8221;4.23.4&#8243; _module_preset=&#8221;default&#8221; global_colors_info=&#8221;{}&#8221;][\/et_pb_image][\/et_pb_column][\/et_pb_row][et_pb_row _builder_version=&#8221;4.16&#8243; custom_padding=&#8221;0px|||||&#8221; global_colors_info=&#8221;{}&#8221;][et_pb_column type=&#8221;4_4&#8243; _builder_version=&#8221;4.16&#8243; custom_padding=&#8221;|||&#8221; global_colors_info=&#8221;{}&#8221; custom_padding__hover=&#8221;|||&#8221;][et_pb_text _builder_version=&#8221;4.23.4&#8243; text_font=&#8221;Nunito|800||on|||||&#8221; text_text_color=&#8221;#121f60&#8243; text_letter_spacing=&#8221;2px&#8221; background_color=&#8221;#eabf00&#8243; use_background_color_gradient=&#8221;on&#8221; background_color_gradient_direction=&#8221;90deg&#8221; background_color_gradient_stops=&#8221;rgba(0, 229, 198, 0) 43%|#00e5c6 100%|rgba(0,229,198,0) 100%&#8221; background_color_gradient_start=&#8221;rgba(0,229,198,0)&#8221; background_color_gradient_start_position=&#8221;30%&#8221; background_color_gradient_end=&#8221;#00e5c6&#8243; text_orientation=&#8221;right&#8221; width=&#8221;84%&#8221; width_last_edited=&#8221;off|desktop&#8221; module_alignment=&#8221;right&#8221; custom_margin=&#8221;|||||false&#8221; custom_padding=&#8221;16px|30px|16px|30px|true|true&#8221; link_option_url=&#8221;https:\/\/consultoriodagraca.com\/&#8221; background_last_edited=&#8221;on|tablet&#8221; use_background_color_gradient_tablet=&#8221;on&#8221; use_background_color_gradient_phone=&#8221;on&#8221; background_color_gradient_stops_tablet=&#8221;rgba(0,229,198,0) 0%|#00e5c6 50%&#8221; background_color_gradient_stops_phone=&#8221;rgba(0,229,198,0) 0%|#00e5c6 0%&#8221; background_color_gradient_start_position_tablet=&#8221;0%&#8221; background_color_gradient_end_position_tablet=&#8221;50%&#8221; background_color_gradient_end_position_phone=&#8221;0%&#8221; border_radii=&#8221;on|80px|80px|80px|80px&#8221; text_text_align=&#8221;right&#8221; global_colors_info=&#8221;{}&#8221; width__hover_enabled=&#8221;on&#8221; width__hover=&#8221;100%&#8221; custom_padding__hover_enabled=&#8221;on&#8221; custom_padding__hover=&#8221;|20px||40px||false&#8221; box_shadow_color__hover_enabled=&#8221;on&#8221; box_shadow_color__hover=&#8221;rgba(49,110,255,0.6)&#8221; background__hover_enabled=&#8221;on&#8221; background_color_gradient_end__hover=&#8221;#00d5e0&#8243; use_background_color_gradient__hover=&#8221;on&#8221; background_color_gradient_start__hover=&#8221;rgba(0,229,198,0)&#8221; background_color_gradient_direction__hover=&#8221;90deg&#8221; background_color_gradient_stops__hover=&#8221;rgba(0,229,198,0) 30%|#00d5e0 100%&#8221;]<\/p>\n<p>Agende a sua consulta<\/p>\n<p>[\/et_pb_text][\/et_pb_column][\/et_pb_row][\/et_pb_section][et_pb_section fb_built=&#8221;1&#8243; admin_label=&#8221;Footer&#8221; _builder_version=&#8221;4.23&#8243; background_color=&#8221;rgba(16,138,209,0.46)&#8221; custom_padding=&#8221;40px||50px||false|false&#8221; top_divider_height=&#8221;660px&#8221; top_divider_flip=&#8221;horizontal&#8221; bottom_divider_style=&#8221;clouds2&#8243; bottom_divider_color=&#8221;rgba(255,255,255,0.08)&#8221; bottom_divider_height=&#8221;600px&#8221; bottom_divider_flip=&#8221;vertical&#8221; locked=&#8221;off&#8221; global_colors_info=&#8221;{}&#8221;][et_pb_row _builder_version=&#8221;4.16&#8243; global_colors_info=&#8221;{}&#8221;][et_pb_column type=&#8221;4_4&#8243; _builder_version=&#8221;4.16&#8243; custom_padding=&#8221;|||&#8221; global_colors_info=&#8221;{}&#8221; custom_padding__hover=&#8221;|||&#8221;][et_pb_image src=&#8221;https:\/\/consultoriodagraca.com\/wp-content\/uploads\/2023\/10\/health-icon-10-2.png&#8221; align=&#8221;center&#8221; align_tablet=&#8221;center&#8221; align_phone=&#8221;center&#8221; align_last_edited=&#8221;on|desktop&#8221; _builder_version=&#8221;4.16&#8243; locked=&#8221;off&#8221; global_colors_info=&#8221;{}&#8221;][\/et_pb_image][et_pb_text _builder_version=&#8221;4.16&#8243; text_font=&#8221;Montserrat||||||||&#8221; header_font=&#8221;||||||||&#8221; header_2_font=&#8221;Montserrat|300|||||||&#8221; header_2_text_align=&#8221;center&#8221; header_2_font_size=&#8221;50px&#8221; header_2_line_height=&#8221;1.4em&#8221; text_orientation=&#8221;center&#8221; background_layout=&#8221;dark&#8221; header_2_font_size_tablet=&#8221;&#8221; header_2_font_size_phone=&#8221;30px&#8221; header_2_font_size_last_edited=&#8221;on|phone&#8221; header_2_line_height_tablet=&#8221;1.4em&#8221; header_2_line_height_phone=&#8221;&#8221; header_2_line_height_last_edited=&#8221;on|desktop&#8221; global_colors_info=&#8221;{}&#8221;]<\/p>\n<h2>Deixe-nos ser gra\u00e7a na sua sa\u00fade!<\/h2>\n<p>[\/et_pb_text][\/et_pb_column][\/et_pb_row][et_pb_row column_structure=&#8221;1_3,1_3,1_3&#8243; admin_label=&#8221;Content Area&#8221; _builder_version=&#8221;4.16&#8243; global_colors_info=&#8221;{}&#8221;][et_pb_column type=&#8221;1_3&#8243; _builder_version=&#8221;4.16&#8243; custom_padding=&#8221;|||&#8221; global_colors_info=&#8221;{}&#8221; custom_padding__hover=&#8221;|||&#8221;][et_pb_blurb title=&#8221;(+244) 948 821 459&#8243; use_icon=&#8221;on&#8221; font_icon=&#8221;&#xe090;||divi||400&#8243; icon_color=&#8221;#2f8cff&#8221; image_icon_background_color=&#8221;#ffffff&#8221; icon_placement=&#8221;left&#8221; image_icon_width=&#8221;16px&#8221; _builder_version=&#8221;4.23&#8243; header_font=&#8221;Montserrat||||||||&#8221; header_text_color=&#8221;#ffffff&#8221; header_font_size=&#8221;20px&#8221; header_line_height=&#8221;1.7em&#8221; image_icon_custom_padding=&#8221;8px|8px|8px|8px|false|false&#8221; use_circle=&#8221;on&#8221; circle_color=&#8221;#ffffff&#8221; global_colors_info=&#8221;{}&#8221; image_icon_background_color__sticky_enabled=&#8221;#7EBEC5&#8243; image_icon_background_color__sticky=&#8221;#7EBEC5&#8243;][\/et_pb_blurb][\/et_pb_column][et_pb_column type=&#8221;1_3&#8243; _builder_version=&#8221;4.16&#8243; custom_padding=&#8221;|||&#8221; global_colors_info=&#8221;{}&#8221; custom_padding__hover=&#8221;|||&#8221;][et_pb_blurb title=&#8221;geral@consultoriodagraca.com&#8221; use_icon=&#8221;on&#8221; font_icon=&#8221;&#xe076;||divi||400&#8243; icon_color=&#8221;#2f8cff&#8221; image_icon_background_color=&#8221;#ffffff&#8221; icon_placement=&#8221;left&#8221; image_icon_width=&#8221;16px&#8221; _builder_version=&#8221;4.23&#8243; header_font=&#8221;Montserrat||||||||&#8221; header_text_color=&#8221;#ffffff&#8221; header_font_size=&#8221;20px&#8221; header_line_height=&#8221;1.7em&#8221; image_icon_custom_padding=&#8221;8px|8px|8px|8px|false|false&#8221; use_circle=&#8221;on&#8221; circle_color=&#8221;#ffffff&#8221; locked=&#8221;off&#8221; global_colors_info=&#8221;{}&#8221; image_icon_background_color__sticky_enabled=&#8221;#7EBEC5&#8243; image_icon_background_color__sticky=&#8221;#7EBEC5&#8243;][\/et_pb_blurb][et_pb_text _builder_version=&#8221;4.23&#8243; _module_preset=&#8221;default&#8221; global_colors_info=&#8221;{}&#8221;]<\/p>\n<h5 style=\"text-align: center;\"><span style=\"color: #ffffff;\"><strong><img loading=\"lazy\" decoding=\"async\" src=\"https:\/\/consultoriodagraca.com\/wp-content\/uploads\/2023\/10\/Clock-PNG-Clipart-300x300.png\" width=\"97\" height=\"97\" alt=\"\" class=\"wp-image-84 alignnone size-medium\" style=\"display: block; margin-left: auto; margin-right: auto;\" srcset=\"https:\/\/consultoriodagraca.com\/wp-content\/uploads\/2023\/10\/Clock-PNG-Clipart-300x300.png 300w, https:\/\/consultoriodagraca.com\/wp-content\/uploads\/2023\/10\/Clock-PNG-Clipart-150x150.png 150w, https:\/\/consultoriodagraca.com\/wp-content\/uploads\/2023\/10\/Clock-PNG-Clipart.png 434w\" sizes=\"(max-width: 97px) 100vw, 97px\" \/>Hor\u00e1rio de Atendimento<\/strong><\/span><\/h5>\n<h6 style=\"text-align: center;\"><span style=\"color: #ffffff;\"><strong>\u00a0 \u00a0Segunda \u2013 Sexta \u2013 09h \u00e0s 18h<\/strong><\/span><\/h6>\n<p>[\/et_pb_text][\/et_pb_column][et_pb_column type=&#8221;1_3&#8243; _builder_version=&#8221;4.16&#8243; custom_padding=&#8221;|||&#8221; global_colors_info=&#8221;{}&#8221; custom_padding__hover=&#8221;|||&#8221;][et_pb_blurb title=&#8221;Kilamba, W23, AP22&#8243; use_icon=&#8221;on&#8221; font_icon=&#8221;&#xe081;||divi||400&#8243; icon_color=&#8221;#2f8cff&#8221; image_icon_background_color=&#8221;#ffffff&#8221; icon_placement=&#8221;left&#8221; image_icon_width=&#8221;16px&#8221; _builder_version=&#8221;4.23&#8243; header_font=&#8221;Montserrat||||||||&#8221; header_text_color=&#8221;#ffffff&#8221; header_font_size=&#8221;20px&#8221; header_line_height=&#8221;1.7em&#8221; image_icon_custom_padding=&#8221;8px|8px|8px|8px|false|false&#8221; use_circle=&#8221;on&#8221; circle_color=&#8221;#ffffff&#8221; locked=&#8221;off&#8221; global_colors_info=&#8221;{}&#8221; image_icon_background_color__sticky_enabled=&#8221;#7EBEC5&#8243; image_icon_background_color__sticky=&#8221;#7EBEC5&#8243;][\/et_pb_blurb][\/et_pb_column][\/et_pb_row][\/et_pb_section]<\/p>\n","protected":false},"excerpt":{"rendered":"<p>O que \u00e9 a Psicologia? &nbsp; \u00c9 o estudo dos processos mentais e do comportamento humano, de acordo com a Associa\u00e7\u00e3o Americana de Psicologia (APA \u2013 American Psychological Association).\u00a0Assim sendo, a psicologia se refere\u00a0ao estudo da mente, de como ela funciona e de que maneira\u00a0ela afeta o comportamento humano. O estudo da psicologia abrange todos [&hellip;]<\/p>\n","protected":false},"author":1,"featured_media":0,"parent":0,"menu_order":0,"comment_status":"closed","ping_status":"closed","template":"","meta":{"_et_pb_use_builder":"on","_et_pb_old_content":"","_et_gb_content_width":"","footnotes":""},"class_list":["post-139","page","type-page","status-publish","hentry"],"_links":{"self":[{"href":"https:\/\/consultoriodagraca.com\/index.php?rest_route=\/wp\/v2\/pages\/139","targetHints":{"allow":["GET"]}}],"collection":[{"href":"https:\/\/consultoriodagraca.com\/index.php?rest_route=\/wp\/v2\/pages"}],"about":[{"href":"https:\/\/consultoriodagraca.com\/index.php?rest_route=\/wp\/v2\/types\/page"}],"author":[{"embeddable":true,"href":"https:\/\/consultoriodagraca.com\/index.php?rest_route=\/wp\/v2\/users\/1"}],"replies":[{"embeddable":true,"href":"https:\/\/consultoriodagraca.com\/index.php?rest_route=%2Fwp%2Fv2%2Fcomments&post=139"}],"version-history":[{"count":3,"href":"https:\/\/consultoriodagraca.com\/index.php?rest_route=\/wp\/v2\/pages\/139\/revisions"}],"predecessor-version":[{"id":217,"href":"https:\/\/consultoriodagraca.com\/index.php?rest_route=\/wp\/v2\/pages\/139\/revisions\/217"}],"wp:attachment":[{"href":"https:\/\/consultoriodagraca.com\/index.php?rest_route=%2Fwp%2Fv2%2Fmedia&parent=139"}],"curies":[{"name":"wp","href":"https:\/\/api.w.org\/{rel}","templated":true}]}}